{"id":8465,"date":"2025-08-06T13:00:05","date_gmt":"2025-08-06T13:00:05","guid":{"rendered":"https:\/\/wawelskiwynajem.pl\/?post_type=product&#038;p=8465"},"modified":"2025-08-08T18:53:32","modified_gmt":"2025-08-08T18:53:32","slug":"wanienka","status":"publish","type":"product","link":"https:\/\/wawelskiwynajem.pl\/en\/product\/wanienka\/","title":{"rendered":"Bathtub"},"content":{"rendered":"<p><b>Tega Baby bathtub - Comfortable and safe bathing for your little one<\/b><\/p>\n<p>Tega Baby's bathtub is the perfect solution to make daily bathing a pleasure for your baby. Made of safe, durable plastic, it provides comfort and safety from the first days of life until the toddler is old enough to bathe in a sitting position. Adorable, indelible graphics in IML technology will surely make every evening ritual more pleasant.<\/p>\n<p><b>Key features:<\/b><\/p>\n<ul>\n<li><b>Anatomical shape:<\/b> The wide bottom and streamlined shape provide a stable and comfortable position for the baby.<\/li>\n<li><b>Multifunctionality:<\/b> The tub allows bathing in both lying and sitting positions, growing with the baby.<\/li>\n<li><b>Practical solutions:<\/b> The bathtub is equipped with two recesses for bathing accessories, such as soap and sponge, for added convenience for the parent.<\/li>\n<li><b>Durable graphics:<\/b> Prints made with IML technology are durable and resistant to abrasion, so the tub will maintain its aesthetic appearance for a long time.<\/li>\n<\/ul>\n<p><b>Technical specifications:<\/b><\/p>\n<ul>\n<li><b>Length:<\/b> 102 cm<\/li>\n<li><b>Maximum load:<\/b> 25 kg<\/li>\n<li><b>Material:<\/b> High-quality plastic<\/li>\n<li><b>Safety:<\/b> T\u00dcV Rheinland certification<\/li>\n<li><b>Motive:<\/b> Duck<\/li>\n<li><b>Color:<\/b> Light grey<\/li>\n<li><b>Purpose:<\/b> For children from 0 to about 4 years old.<\/li>\n<\/ul>","protected":false},"excerpt":{"rendered":"<p>Baby bath tub for bathing min. 5 days<\/p>\n<p>10z\u0142 a day<\/p>\n<p>Call to rent 691 464 148<\/p>\n<p>We will deliver to the indicated address in the area of Krakow for 40PLN<\/p>","protected":false},"featured_media":8467,"template":"","meta":{"site-sidebar-layout":"default","site-content-layout":"","ast-site-content-layout":"default","site-content-style":"default","site-sidebar-style":"default","ast-global-header-display":"","ast-banner-title-visibility":"","ast-main-header-display":"","ast-hfb-above-header-display":"","ast-hfb-below-header-display":"","ast-hfb-mobile-header-display":"","site-post-title":"","ast-breadcrumbs-content":"","ast-featured-img":"","footer-sml-layout":"","theme-transparent-header-meta":"default","adv-header-id-meta":"","stick-header-meta":"","header-above-stick-meta":"","header-main-stick-meta":"","header-below-stick-meta":"","astra-migrate-meta-layouts":"set","ast-page-background-enabled":"default","ast-page-background-meta":{"desktop":{"background-color":"","background-image":"","background-repeat":"repeat","background-position":"center center","background-size":"auto","background-attachment":"scroll","background-type":"","background-media":"","overlay-type":"","overlay-color":"","overlay-opacity":"","overlay-gradient":""},"tablet":{"background-color":"","background-image":"","background-repeat":"repeat","background-position":"center center","background-size":"auto","background-attachment":"scroll","background-type":"","background-media":"","overlay-type":"","overlay-color":"","overlay-opacity":"","overlay-gradient":""},"mobile":{"background-color":"","background-image":"","background-repeat":"repeat","background-position":"center center","background-size":"auto","background-attachment":"scroll","background-type":"","background-media":"","overlay-type":"","overlay-color":"","overlay-opacity":"","overlay-gradient":""}},"ast-content-background-meta":{"desktop":{"background-color":"var(--ast-global-color-5)","background-image":"","background-repeat":"repeat","background-position":"center center","background-size":"auto","background-attachment":"scroll","background-type":"","background-media":"","overlay-type":"","overlay-color":"","overlay-opacity":"","overlay-gradient":""},"tablet":{"background-color":"var(--ast-global-color-5)","background-image":"","background-repeat":"repeat","background-position":"center center","background-size":"auto","background-attachment":"scroll","background-type":"","background-media":"","overlay-type":"","overlay-color":"","overlay-opacity":"","overlay-gradient":""},"mobile":{"background-color":"var(--ast-global-color-5)","background-image":"","background-repeat":"repeat","background-position":"center center","background-size":"auto","background-attachment":"scroll","background-type":"","background-media":"","overlay-type":"","overlay-color":"","overlay-opacity":"","overlay-gradient":""}}},"product_brand":[38],"product_cat":[35],"product_tag":[],"class_list":{"0":"post-8465","1":"product","2":"type-product","3":"status-publish","4":"has-post-thumbnail","6":"product_brand-tega-baby","7":"product_cat-dla-dzieci","8":"desktop-align-center","9":"tablet-align-center","10":"mobile-align-center","12":"first","13":"instock","14":"downloadable","15":"virtual","16":"purchasable","17":"product-type-simple"},"yoast_head":"<!-- This site is optimized with the Yoast SEO plugin v25.8 - https:\/\/yoast.com\/wordpress\/plugins\/seo\/ -->\n<title>Wanienka - Wawelski Wynajem<\/title>\n<meta name=\"robots\" content=\"index, follow, max-snippet:-1, max-image-preview:large, max-video-preview:-1\" \/>\n<link rel=\"canonical\" href=\"https:\/\/wawelskiwynajem.pl\/en\/product\/wanienka\/\" \/>\n<meta property=\"og:locale\" content=\"en_US\" \/>\n<meta property=\"og:type\" content=\"article\" \/>\n<meta property=\"og:title\" content=\"Wanienka - Wawelski Wynajem\" \/>\n<meta property=\"og:description\" content=\"Wanna dzieci\u0119ca do k\u0105pieli min. 5 dni  10z\u0142 dzie\u0144  Zadzwo\u0144 aby wynaj\u0105\u0107 691 464 148  Dowieziemy pod wskazany adres na terenie Krakowa za 40z\u0142\" \/>\n<meta property=\"og:url\" content=\"https:\/\/wawelskiwynajem.pl\/en\/product\/wanienka\/\" \/>\n<meta property=\"og:site_name\" content=\"Wawelski Wynajem\" \/>\n<meta property=\"article:modified_time\" content=\"2025-08-08T18:53:32+00:00\" \/>\n<meta property=\"og:image\" content=\"https:\/\/wawelskiwynajem.pl\/wp-content\/uploads\/2025\/08\/wanienka1.jpg\" \/>\n\t<meta property=\"og:image:width\" content=\"948\" \/>\n\t<meta property=\"og:image:height\" content=\"708\" \/>\n\t<meta property=\"og:image:type\" content=\"image\/jpeg\" \/>\n<meta name=\"twitter:card\" content=\"summary_large_image\" \/>\n<meta name=\"twitter:label1\" content=\"Est. reading time\" \/>\n\t<meta name=\"twitter:data1\" content=\"1 minute\" \/>\n<script type=\"application\/ld+json\" class=\"yoast-schema-graph\">{\"@context\":\"https:\/\/schema.org\",\"@graph\":[{\"@type\":\"WebPage\",\"@id\":\"https:\/\/wawelskiwynajem.pl\/produkt\/wanienka\/\",\"url\":\"https:\/\/wawelskiwynajem.pl\/produkt\/wanienka\/\",\"name\":\"Wanienka - Wawelski Wynajem\",\"isPartOf\":{\"@id\":\"https:\/\/wawelskiwynajem.pl\/#website\"},\"primaryImageOfPage\":{\"@id\":\"https:\/\/wawelskiwynajem.pl\/produkt\/wanienka\/#primaryimage\"},\"image\":{\"@id\":\"https:\/\/wawelskiwynajem.pl\/produkt\/wanienka\/#primaryimage\"},\"thumbnailUrl\":\"https:\/\/wawelskiwynajem.pl\/wp-content\/uploads\/2025\/08\/wanienka1.jpg\",\"datePublished\":\"2025-08-06T13:00:05+00:00\",\"dateModified\":\"2025-08-08T18:53:32+00:00\",\"breadcrumb\":{\"@id\":\"https:\/\/wawelskiwynajem.pl\/produkt\/wanienka\/#breadcrumb\"},\"inLanguage\":\"en-US\",\"potentialAction\":[{\"@type\":\"ReadAction\",\"target\":[\"https:\/\/wawelskiwynajem.pl\/produkt\/wanienka\/\"]}]},{\"@type\":\"ImageObject\",\"inLanguage\":\"en-US\",\"@id\":\"https:\/\/wawelskiwynajem.pl\/produkt\/wanienka\/#primaryimage\",\"url\":\"https:\/\/wawelskiwynajem.pl\/wp-content\/uploads\/2025\/08\/wanienka1.jpg\",\"contentUrl\":\"https:\/\/wawelskiwynajem.pl\/wp-content\/uploads\/2025\/08\/wanienka1.jpg\",\"width\":948,\"height\":708,\"caption\":\"Clean and safe baby bathtub rental for families visiting Krakow.\"},{\"@type\":\"BreadcrumbList\",\"@id\":\"https:\/\/wawelskiwynajem.pl\/produkt\/wanienka\/#breadcrumb\",\"itemListElement\":[{\"@type\":\"ListItem\",\"position\":1,\"name\":\"Strona g\u0142\u00f3wna\",\"item\":\"https:\/\/wawelskiwynajem.pl\/\"},{\"@type\":\"ListItem\",\"position\":2,\"name\":\"Wypo\u017cyczalnia\",\"item\":\"https:\/\/wawelskiwynajem.pl\/wypozyczalnia\/\"},{\"@type\":\"ListItem\",\"position\":3,\"name\":\"Wanienka\"}]},{\"@type\":\"WebSite\",\"@id\":\"https:\/\/wawelskiwynajem.pl\/#website\",\"url\":\"https:\/\/wawelskiwynajem.pl\/\",\"name\":\"Wawelski Wynajem\",\"description\":\"Wawelski Wynajem\",\"publisher\":{\"@id\":\"https:\/\/wawelskiwynajem.pl\/#organization\"},\"potentialAction\":[{\"@type\":\"SearchAction\",\"target\":{\"@type\":\"EntryPoint\",\"urlTemplate\":\"https:\/\/wawelskiwynajem.pl\/?s={search_term_string}\"},\"query-input\":{\"@type\":\"PropertyValueSpecification\",\"valueRequired\":true,\"valueName\":\"search_term_string\"}}],\"inLanguage\":\"en-US\"},{\"@type\":\"Organization\",\"@id\":\"https:\/\/wawelskiwynajem.pl\/#organization\",\"name\":\"Wawelski Wynajem\",\"url\":\"https:\/\/wawelskiwynajem.pl\/\",\"logo\":{\"@type\":\"ImageObject\",\"inLanguage\":\"en-US\",\"@id\":\"https:\/\/wawelskiwynajem.pl\/#\/schema\/logo\/image\/\",\"url\":\"https:\/\/wawelskiwynajem.pl\/wp-content\/uploads\/2025\/08\/cropped-logo-removebg-preview.png\",\"contentUrl\":\"https:\/\/wawelskiwynajem.pl\/wp-content\/uploads\/2025\/08\/cropped-logo-removebg-preview.png\",\"width\":499,\"height\":305,\"caption\":\"Wawelski Wynajem\"},\"image\":{\"@id\":\"https:\/\/wawelskiwynajem.pl\/#\/schema\/logo\/image\/\"}}]}<\/script>\n<!-- \/ Yoast SEO plugin. -->","yoast_head_json":{"title":"Wanienka - Wawelski Wynajem","robots":{"index":"index","follow":"follow","max-snippet":"max-snippet:-1","max-image-preview":"max-image-preview:large","max-video-preview":"max-video-preview:-1"},"canonical":"https:\/\/wawelskiwynajem.pl\/en\/product\/wanienka\/","og_locale":"en_US","og_type":"article","og_title":"Wanienka - Wawelski Wynajem","og_description":"Wanna dzieci\u0119ca do k\u0105pieli min. 5 dni  10z\u0142 dzie\u0144  Zadzwo\u0144 aby wynaj\u0105\u0107 691 464 148  Dowieziemy pod wskazany adres na terenie Krakowa za 40z\u0142","og_url":"https:\/\/wawelskiwynajem.pl\/en\/product\/wanienka\/","og_site_name":"Wawelski Wynajem","article_modified_time":"2025-08-08T18:53:32+00:00","og_image":[{"width":948,"height":708,"url":"https:\/\/wawelskiwynajem.pl\/wp-content\/uploads\/2025\/08\/wanienka1.jpg","type":"image\/jpeg"}],"twitter_card":"summary_large_image","twitter_misc":{"Est. reading time":"1 minute"},"schema":{"@context":"https:\/\/schema.org","@graph":[{"@type":"WebPage","@id":"https:\/\/wawelskiwynajem.pl\/produkt\/wanienka\/","url":"https:\/\/wawelskiwynajem.pl\/produkt\/wanienka\/","name":"Wanienka - Wawelski Wynajem","isPartOf":{"@id":"https:\/\/wawelskiwynajem.pl\/#website"},"primaryImageOfPage":{"@id":"https:\/\/wawelskiwynajem.pl\/produkt\/wanienka\/#primaryimage"},"image":{"@id":"https:\/\/wawelskiwynajem.pl\/produkt\/wanienka\/#primaryimage"},"thumbnailUrl":"https:\/\/wawelskiwynajem.pl\/wp-content\/uploads\/2025\/08\/wanienka1.jpg","datePublished":"2025-08-06T13:00:05+00:00","dateModified":"2025-08-08T18:53:32+00:00","breadcrumb":{"@id":"https:\/\/wawelskiwynajem.pl\/produkt\/wanienka\/#breadcrumb"},"inLanguage":"en-US","potentialAction":[{"@type":"ReadAction","target":["https:\/\/wawelskiwynajem.pl\/produkt\/wanienka\/"]}]},{"@type":"ImageObject","inLanguage":"en-US","@id":"https:\/\/wawelskiwynajem.pl\/produkt\/wanienka\/#primaryimage","url":"https:\/\/wawelskiwynajem.pl\/wp-content\/uploads\/2025\/08\/wanienka1.jpg","contentUrl":"https:\/\/wawelskiwynajem.pl\/wp-content\/uploads\/2025\/08\/wanienka1.jpg","width":948,"height":708,"caption":"Clean and safe baby bathtub rental for families visiting Krakow."},{"@type":"BreadcrumbList","@id":"https:\/\/wawelskiwynajem.pl\/produkt\/wanienka\/#breadcrumb","itemListElement":[{"@type":"ListItem","position":1,"name":"Strona g\u0142\u00f3wna","item":"https:\/\/wawelskiwynajem.pl\/"},{"@type":"ListItem","position":2,"name":"Wypo\u017cyczalnia","item":"https:\/\/wawelskiwynajem.pl\/wypozyczalnia\/"},{"@type":"ListItem","position":3,"name":"Wanienka"}]},{"@type":"WebSite","@id":"https:\/\/wawelskiwynajem.pl\/#website","url":"https:\/\/wawelskiwynajem.pl\/","name":"Wawelski Wynajem","description":"Wawelski Wynajem","publisher":{"@id":"https:\/\/wawelskiwynajem.pl\/#organization"},"potentialAction":[{"@type":"SearchAction","target":{"@type":"EntryPoint","urlTemplate":"https:\/\/wawelskiwynajem.pl\/?s={search_term_string}"},"query-input":{"@type":"PropertyValueSpecification","valueRequired":true,"valueName":"search_term_string"}}],"inLanguage":"en-US"},{"@type":"Organization","@id":"https:\/\/wawelskiwynajem.pl\/#organization","name":"Wawelski Wynajem","url":"https:\/\/wawelskiwynajem.pl\/","logo":{"@type":"ImageObject","inLanguage":"en-US","@id":"https:\/\/wawelskiwynajem.pl\/#\/schema\/logo\/image\/","url":"https:\/\/wawelskiwynajem.pl\/wp-content\/uploads\/2025\/08\/cropped-logo-removebg-preview.png","contentUrl":"https:\/\/wawelskiwynajem.pl\/wp-content\/uploads\/2025\/08\/cropped-logo-removebg-preview.png","width":499,"height":305,"caption":"Wawelski Wynajem"},"image":{"@id":"https:\/\/wawelskiwynajem.pl\/#\/schema\/logo\/image\/"}}]}},"jetpack_sharing_enabled":true,"_links":{"self":[{"href":"https:\/\/wawelskiwynajem.pl\/en\/wp-json\/wp\/v2\/product\/8465","targetHints":{"allow":["GET"]}}],"collection":[{"href":"https:\/\/wawelskiwynajem.pl\/en\/wp-json\/wp\/v2\/product"}],"about":[{"href":"https:\/\/wawelskiwynajem.pl\/en\/wp-json\/wp\/v2\/types\/product"}],"wp:featuredmedia":[{"embeddable":true,"href":"https:\/\/wawelskiwynajem.pl\/en\/wp-json\/wp\/v2\/media\/8467"}],"wp:attachment":[{"href":"https:\/\/wawelskiwynajem.pl\/en\/wp-json\/wp\/v2\/media?parent=8465"}],"wp:term":[{"taxonomy":"product_brand","embeddable":true,"href":"https:\/\/wawelskiwynajem.pl\/en\/wp-json\/wp\/v2\/product_brand?post=8465"},{"taxonomy":"product_cat","embeddable":true,"href":"https:\/\/wawelskiwynajem.pl\/en\/wp-json\/wp\/v2\/product_cat?post=8465"},{"taxonomy":"product_tag","embeddable":true,"href":"https:\/\/wawelskiwynajem.pl\/en\/wp-json\/wp\/v2\/product_tag?post=8465"}],"curies":[{"name":"wp","href":"https:\/\/api.w.org\/{rel}","templated":true}]}}