{"id":8761,"date":"2025-08-24T16:31:08","date_gmt":"2025-08-24T16:31:08","guid":{"rendered":"https:\/\/wawelskiwynajem.pl\/?post_type=product&#038;p=8761"},"modified":"2025-08-24T16:44:45","modified_gmt":"2025-08-24T16:44:45","slug":"raki-koszykowe","status":"publish","type":"product","link":"https:\/\/wawelskiwynajem.pl\/en\/product\/raki-koszykowe\/","title":{"rendered":"Tourist crampons"},"content":{"rendered":"<h4 data-start=\"250\" data-end=\"303\">Comfort and safety come first<\/h4>\n<p data-start=\"304\" data-end=\"591\">The Nuptse Evo is a touring snowshoe that combines durability with lightness. Its construction is based on a durable aluminum frame combined with ergonomic straps that provide stable footholds and minimize fatigue. Now, even steep ascents are no longer a challenge.<\/p>\n<h4 data-start=\"593\" data-end=\"619\">Lightness and mobility<\/h4>\n<p data-start=\"620\" data-end=\"843\">Thanks to their well-thought-out design, they weigh only about <strong data-start=\"672\" data-end=\"687\">700 g each<\/strong>, making them the perfect companions for longer trips. Easy to fold and taking up little space, they're perfect for both a backpack and a car.<\/p>\n<h4 data-start=\"845\" data-end=\"871\">Comfortable fit<\/h4>\n<p data-start=\"872\" data-end=\"1047\">Straps with a strong buckle and an easy adjustment system allow you to precisely adjust the racquets to different types of footwear and foot sizes - without having to remove your gloves.<\/p>\n<h4 data-start=\"1049\" data-end=\"1074\">Well-thought-out details<\/h4>\n<ul data-start=\"1075\" data-end=\"1269\">\n<li data-start=\"1075\" data-end=\"1170\">\n<p data-start=\"1077\" data-end=\"1170\"><strong data-start=\"1077\" data-end=\"1108\">Blades on the front and heel<\/strong> provide excellent traction on varied terrain.<\/p>\n<\/li>\n<li data-start=\"1171\" data-end=\"1269\">\n<p data-start=\"1173\" data-end=\"1269\"><strong data-start=\"1173\" data-end=\"1217\">Wymienne \u015bruby i nak\u0142adki antypo\u015blizgowe<\/strong> pozwalaj\u0105 bez problemu serwisowa\u0107 sprz\u0119t w terenie.<\/p>\n<\/li>\n<\/ul>","protected":false},"excerpt":{"rendered":"<p><strong>Tourist basket crampons<\/strong><\/p>\n<p>10z\u0142 a day<\/p>\n<p>Call to rent 691 464 148<\/p>\n<p>We will deliver to the indicated address in the area of Krakow for 40PLN<\/p>","protected":false},"featured_media":8762,"template":"","meta":{"site-sidebar-layout":"default","site-content-layout":"","ast-site-content-layout":"default","site-content-style":"default","site-sidebar-style":"default","ast-global-header-display":"","ast-banner-title-visibility":"","ast-main-header-display":"","ast-hfb-above-header-display":"","ast-hfb-below-header-display":"","ast-hfb-mobile-header-display":"","site-post-title":"","ast-breadcrumbs-content":"","ast-featured-img":"","footer-sml-layout":"","theme-transparent-header-meta":"default","adv-header-id-meta":"","stick-header-meta":"","header-above-stick-meta":"","header-main-stick-meta":"","header-below-stick-meta":"","astra-migrate-meta-layouts":"set","ast-page-background-enabled":"default","ast-page-background-meta":{"desktop":{"background-color":"","background-image":"","background-repeat":"repeat","background-position":"center center","background-size":"auto","background-attachment":"scroll","background-type":"","background-media":"","overlay-type":"","overlay-color":"","overlay-opacity":"","overlay-gradient":""},"tablet":{"background-color":"","background-image":"","background-repeat":"repeat","background-position":"center center","background-size":"auto","background-attachment":"scroll","background-type":"","background-media":"","overlay-type":"","overlay-color":"","overlay-opacity":"","overlay-gradient":""},"mobile":{"background-color":"","background-image":"","background-repeat":"repeat","background-position":"center center","background-size":"auto","background-attachment":"scroll","background-type":"","background-media":"","overlay-type":"","overlay-color":"","overlay-opacity":"","overlay-gradient":""}},"ast-content-background-meta":{"desktop":{"background-color":"var(--ast-global-color-5)","background-image":"","background-repeat":"repeat","background-position":"center center","background-size":"auto","background-attachment":"scroll","background-type":"","background-media":"","overlay-type":"","overlay-color":"","overlay-opacity":"","overlay-gradient":""},"tablet":{"background-color":"var(--ast-global-color-5)","background-image":"","background-repeat":"repeat","background-position":"center center","background-size":"auto","background-attachment":"scroll","background-type":"","background-media":"","overlay-type":"","overlay-color":"","overlay-opacity":"","overlay-gradient":""},"mobile":{"background-color":"var(--ast-global-color-5)","background-image":"","background-repeat":"repeat","background-position":"center center","background-size":"auto","background-attachment":"scroll","background-type":"","background-media":"","overlay-type":"","overlay-color":"","overlay-opacity":"","overlay-gradient":""}}},"product_brand":[91],"product_cat":[87],"product_tag":[92,93,94],"class_list":{"0":"post-8761","1":"product","2":"type-product","3":"status-publish","4":"has-post-thumbnail","6":"product_brand-climbing-technology-skylotec","7":"product_cat-turystyka","8":"product_tag-raki","9":"product_tag-rakiturystyczne","10":"product_tag-touristcrampons","11":"desktop-align-center","12":"tablet-align-center","13":"mobile-align-center","15":"first","16":"instock","17":"virtual","18":"purchasable","19":"product-type-simple"},"yoast_head":"<!-- This site is optimized with the Yoast SEO plugin v25.8 - https:\/\/yoast.com\/wordpress\/plugins\/seo\/ -->\n<title>Raki koszykowe - Wawelski Wynajem<\/title>\n<meta name=\"robots\" content=\"index, follow, max-snippet:-1, max-image-preview:large, max-video-preview:-1\" \/>\n<link rel=\"canonical\" href=\"https:\/\/wawelskiwynajem.pl\/en\/product\/raki-koszykowe\/\" \/>\n<meta property=\"og:locale\" content=\"en_US\" \/>\n<meta property=\"og:type\" content=\"article\" \/>\n<meta property=\"og:title\" content=\"Raki koszykowe - Wawelski Wynajem\" \/>\n<meta property=\"og:description\" content=\"Raki koszykowe turystyczne  35z\u0142 dzie\u0144  Zadzwo\u0144 aby wynaj\u0105\u0107 691 464 148  Dowieziemy pod wskazany adres na terenie Krakowa za 40z\u0142\" \/>\n<meta property=\"og:url\" content=\"https:\/\/wawelskiwynajem.pl\/en\/product\/raki-koszykowe\/\" \/>\n<meta property=\"og:site_name\" content=\"Wawelski Wynajem\" \/>\n<meta property=\"article:modified_time\" content=\"2025-08-24T16:44:45+00:00\" \/>\n<meta property=\"og:image\" content=\"https:\/\/wawelskiwynajem.pl\/wp-content\/uploads\/2025\/08\/5135_3_climbing-technology-nuptse-evo-semiautomatic-crampons_627x659-ed.jpg\" \/>\n\t<meta property=\"og:image:width\" content=\"627\" \/>\n\t<meta property=\"og:image:height\" content=\"659\" \/>\n\t<meta property=\"og:image:type\" content=\"image\/jpeg\" \/>\n<meta name=\"twitter:card\" content=\"summary_large_image\" \/>\n<meta name=\"twitter:label1\" content=\"Est. reading time\" \/>\n\t<meta name=\"twitter:data1\" content=\"1 minute\" \/>\n<script type=\"application\/ld+json\" class=\"yoast-schema-graph\">{\"@context\":\"https:\/\/schema.org\",\"@graph\":[{\"@type\":\"WebPage\",\"@id\":\"https:\/\/wawelskiwynajem.pl\/produkt\/raki-koszykowe\/\",\"url\":\"https:\/\/wawelskiwynajem.pl\/produkt\/raki-koszykowe\/\",\"name\":\"Raki koszykowe - Wawelski Wynajem\",\"isPartOf\":{\"@id\":\"https:\/\/wawelskiwynajem.pl\/#website\"},\"primaryImageOfPage\":{\"@id\":\"https:\/\/wawelskiwynajem.pl\/produkt\/raki-koszykowe\/#primaryimage\"},\"image\":{\"@id\":\"https:\/\/wawelskiwynajem.pl\/produkt\/raki-koszykowe\/#primaryimage\"},\"thumbnailUrl\":\"https:\/\/wawelskiwynajem.pl\/wp-content\/uploads\/2025\/08\/5135_3_climbing-technology-nuptse-evo-semiautomatic-crampons_627x659-ed.jpg\",\"datePublished\":\"2025-08-24T16:31:08+00:00\",\"dateModified\":\"2025-08-24T16:44:45+00:00\",\"breadcrumb\":{\"@id\":\"https:\/\/wawelskiwynajem.pl\/produkt\/raki-koszykowe\/#breadcrumb\"},\"inLanguage\":\"en-US\",\"potentialAction\":[{\"@type\":\"ReadAction\",\"target\":[\"https:\/\/wawelskiwynajem.pl\/produkt\/raki-koszykowe\/\"]}]},{\"@type\":\"ImageObject\",\"inLanguage\":\"en-US\",\"@id\":\"https:\/\/wawelskiwynajem.pl\/produkt\/raki-koszykowe\/#primaryimage\",\"url\":\"https:\/\/wawelskiwynajem.pl\/wp-content\/uploads\/2025\/08\/5135_3_climbing-technology-nuptse-evo-semiautomatic-crampons_627x659-ed.jpg\",\"contentUrl\":\"https:\/\/wawelskiwynajem.pl\/wp-content\/uploads\/2025\/08\/5135_3_climbing-technology-nuptse-evo-semiautomatic-crampons_627x659-ed.jpg\",\"width\":627,\"height\":659,\"caption\":\"Crampons for rent in Krakow, essential equipment for mountain hiking.\"},{\"@type\":\"BreadcrumbList\",\"@id\":\"https:\/\/wawelskiwynajem.pl\/produkt\/raki-koszykowe\/#breadcrumb\",\"itemListElement\":[{\"@type\":\"ListItem\",\"position\":1,\"name\":\"Strona g\u0142\u00f3wna\",\"item\":\"https:\/\/wawelskiwynajem.pl\/\"},{\"@type\":\"ListItem\",\"position\":2,\"name\":\"Wypo\u017cyczalnia\",\"item\":\"https:\/\/wawelskiwynajem.pl\/wypozyczalnia\/\"},{\"@type\":\"ListItem\",\"position\":3,\"name\":\"Raki koszykowe\"}]},{\"@type\":\"WebSite\",\"@id\":\"https:\/\/wawelskiwynajem.pl\/#website\",\"url\":\"https:\/\/wawelskiwynajem.pl\/\",\"name\":\"Wawelski Wynajem\",\"description\":\"Wawelski Wynajem\",\"publisher\":{\"@id\":\"https:\/\/wawelskiwynajem.pl\/#organization\"},\"potentialAction\":[{\"@type\":\"SearchAction\",\"target\":{\"@type\":\"EntryPoint\",\"urlTemplate\":\"https:\/\/wawelskiwynajem.pl\/?s={search_term_string}\"},\"query-input\":{\"@type\":\"PropertyValueSpecification\",\"valueRequired\":true,\"valueName\":\"search_term_string\"}}],\"inLanguage\":\"en-US\"},{\"@type\":\"Organization\",\"@id\":\"https:\/\/wawelskiwynajem.pl\/#organization\",\"name\":\"Wawelski Wynajem\",\"url\":\"https:\/\/wawelskiwynajem.pl\/\",\"logo\":{\"@type\":\"ImageObject\",\"inLanguage\":\"en-US\",\"@id\":\"https:\/\/wawelskiwynajem.pl\/#\/schema\/logo\/image\/\",\"url\":\"https:\/\/wawelskiwynajem.pl\/wp-content\/uploads\/2025\/08\/cropped-logo-removebg-preview.png\",\"contentUrl\":\"https:\/\/wawelskiwynajem.pl\/wp-content\/uploads\/2025\/08\/cropped-logo-removebg-preview.png\",\"width\":499,\"height\":305,\"caption\":\"Wawelski Wynajem\"},\"image\":{\"@id\":\"https:\/\/wawelskiwynajem.pl\/#\/schema\/logo\/image\/\"}}]}<\/script>\n<!-- \/ Yoast SEO plugin. -->","yoast_head_json":{"title":"Raki koszykowe - Wawelski Wynajem","robots":{"index":"index","follow":"follow","max-snippet":"max-snippet:-1","max-image-preview":"max-image-preview:large","max-video-preview":"max-video-preview:-1"},"canonical":"https:\/\/wawelskiwynajem.pl\/en\/product\/raki-koszykowe\/","og_locale":"en_US","og_type":"article","og_title":"Raki koszykowe - Wawelski Wynajem","og_description":"Raki koszykowe turystyczne  35z\u0142 dzie\u0144  Zadzwo\u0144 aby wynaj\u0105\u0107 691 464 148  Dowieziemy pod wskazany adres na terenie Krakowa za 40z\u0142","og_url":"https:\/\/wawelskiwynajem.pl\/en\/product\/raki-koszykowe\/","og_site_name":"Wawelski Wynajem","article_modified_time":"2025-08-24T16:44:45+00:00","og_image":[{"width":627,"height":659,"url":"https:\/\/wawelskiwynajem.pl\/wp-content\/uploads\/2025\/08\/5135_3_climbing-technology-nuptse-evo-semiautomatic-crampons_627x659-ed.jpg","type":"image\/jpeg"}],"twitter_card":"summary_large_image","twitter_misc":{"Est. reading time":"1 minute"},"schema":{"@context":"https:\/\/schema.org","@graph":[{"@type":"WebPage","@id":"https:\/\/wawelskiwynajem.pl\/produkt\/raki-koszykowe\/","url":"https:\/\/wawelskiwynajem.pl\/produkt\/raki-koszykowe\/","name":"Raki koszykowe - Wawelski Wynajem","isPartOf":{"@id":"https:\/\/wawelskiwynajem.pl\/#website"},"primaryImageOfPage":{"@id":"https:\/\/wawelskiwynajem.pl\/produkt\/raki-koszykowe\/#primaryimage"},"image":{"@id":"https:\/\/wawelskiwynajem.pl\/produkt\/raki-koszykowe\/#primaryimage"},"thumbnailUrl":"https:\/\/wawelskiwynajem.pl\/wp-content\/uploads\/2025\/08\/5135_3_climbing-technology-nuptse-evo-semiautomatic-crampons_627x659-ed.jpg","datePublished":"2025-08-24T16:31:08+00:00","dateModified":"2025-08-24T16:44:45+00:00","breadcrumb":{"@id":"https:\/\/wawelskiwynajem.pl\/produkt\/raki-koszykowe\/#breadcrumb"},"inLanguage":"en-US","potentialAction":[{"@type":"ReadAction","target":["https:\/\/wawelskiwynajem.pl\/produkt\/raki-koszykowe\/"]}]},{"@type":"ImageObject","inLanguage":"en-US","@id":"https:\/\/wawelskiwynajem.pl\/produkt\/raki-koszykowe\/#primaryimage","url":"https:\/\/wawelskiwynajem.pl\/wp-content\/uploads\/2025\/08\/5135_3_climbing-technology-nuptse-evo-semiautomatic-crampons_627x659-ed.jpg","contentUrl":"https:\/\/wawelskiwynajem.pl\/wp-content\/uploads\/2025\/08\/5135_3_climbing-technology-nuptse-evo-semiautomatic-crampons_627x659-ed.jpg","width":627,"height":659,"caption":"Crampons for rent in Krakow, essential equipment for mountain hiking."},{"@type":"BreadcrumbList","@id":"https:\/\/wawelskiwynajem.pl\/produkt\/raki-koszykowe\/#breadcrumb","itemListElement":[{"@type":"ListItem","position":1,"name":"Strona g\u0142\u00f3wna","item":"https:\/\/wawelskiwynajem.pl\/"},{"@type":"ListItem","position":2,"name":"Wypo\u017cyczalnia","item":"https:\/\/wawelskiwynajem.pl\/wypozyczalnia\/"},{"@type":"ListItem","position":3,"name":"Raki koszykowe"}]},{"@type":"WebSite","@id":"https:\/\/wawelskiwynajem.pl\/#website","url":"https:\/\/wawelskiwynajem.pl\/","name":"Wawelski Wynajem","description":"Wawelski Wynajem","publisher":{"@id":"https:\/\/wawelskiwynajem.pl\/#organization"},"potentialAction":[{"@type":"SearchAction","target":{"@type":"EntryPoint","urlTemplate":"https:\/\/wawelskiwynajem.pl\/?s={search_term_string}"},"query-input":{"@type":"PropertyValueSpecification","valueRequired":true,"valueName":"search_term_string"}}],"inLanguage":"en-US"},{"@type":"Organization","@id":"https:\/\/wawelskiwynajem.pl\/#organization","name":"Wawelski Wynajem","url":"https:\/\/wawelskiwynajem.pl\/","logo":{"@type":"ImageObject","inLanguage":"en-US","@id":"https:\/\/wawelskiwynajem.pl\/#\/schema\/logo\/image\/","url":"https:\/\/wawelskiwynajem.pl\/wp-content\/uploads\/2025\/08\/cropped-logo-removebg-preview.png","contentUrl":"https:\/\/wawelskiwynajem.pl\/wp-content\/uploads\/2025\/08\/cropped-logo-removebg-preview.png","width":499,"height":305,"caption":"Wawelski Wynajem"},"image":{"@id":"https:\/\/wawelskiwynajem.pl\/#\/schema\/logo\/image\/"}}]}},"jetpack_sharing_enabled":true,"_links":{"self":[{"href":"https:\/\/wawelskiwynajem.pl\/en\/wp-json\/wp\/v2\/product\/8761","targetHints":{"allow":["GET"]}}],"collection":[{"href":"https:\/\/wawelskiwynajem.pl\/en\/wp-json\/wp\/v2\/product"}],"about":[{"href":"https:\/\/wawelskiwynajem.pl\/en\/wp-json\/wp\/v2\/types\/product"}],"wp:featuredmedia":[{"embeddable":true,"href":"https:\/\/wawelskiwynajem.pl\/en\/wp-json\/wp\/v2\/media\/8762"}],"wp:attachment":[{"href":"https:\/\/wawelskiwynajem.pl\/en\/wp-json\/wp\/v2\/media?parent=8761"}],"wp:term":[{"taxonomy":"product_brand","embeddable":true,"href":"https:\/\/wawelskiwynajem.pl\/en\/wp-json\/wp\/v2\/product_brand?post=8761"},{"taxonomy":"product_cat","embeddable":true,"href":"https:\/\/wawelskiwynajem.pl\/en\/wp-json\/wp\/v2\/product_cat?post=8761"},{"taxonomy":"product_tag","embeddable":true,"href":"https:\/\/wawelskiwynajem.pl\/en\/wp-json\/wp\/v2\/product_tag?post=8761"}],"curies":[{"name":"wp","href":"https:\/\/api.w.org\/{rel}","templated":true}]}}